{"id":79,"date":"2026-03-29T20:11:29","date_gmt":"2026-03-29T19:11:29","guid":{"rendered":"https:\/\/lasserre-osteopathie.fr\/?page_id=79"},"modified":"2026-04-02T17:35:12","modified_gmt":"2026-04-02T16:35:12","slug":"osteopathie-et-acouphenes","status":"publish","type":"page","link":"https:\/\/lasserre-osteopathie.fr\/index.php\/osteopathie-et-acouphenes\/","title":{"rendered":"Ost\u00e9opathie et acouph\u00e8nes"},"content":{"rendered":"\n<div class=\"wp-block-group alignfull has-global-padding is-layout-constrained wp-container-core-group-is-layout-490fa1db wp-block-group-is-layout-constrained\" style=\"padding-top:var(--wp--preset--spacing--50);padding-right:var(--wp--preset--spacing--50);padding-bottom:var(--wp--preset--spacing--50);padding-left:var(--wp--preset--spacing--50)\">\n<div class=\"wp-block-group has-global-padding is-layout-constrained wp-container-core-group-is-layout-650790e1 wp-block-group-is-layout-constrained\">\n<h1 class=\"wp-block-heading has-text-align-center has-x-large-font-size\">Je suis ost\u00e9opathe sp\u00e9cialis\u00e9 dans les acouph\u00e8nes<\/h1>\n\n\n\n<div style=\"height:1.25rem\" aria-hidden=\"true\" class=\"wp-block-spacer\"><\/div>\n\n\n\n<p class=\"has-text-align-center\">Acouph\u00e8ne : une prise en charge ost\u00e9opathique sp\u00e9cialis\u00e9e.<\/p>\n\n\n\n<div style=\"height:1.25rem\" aria-hidden=\"true\" class=\"wp-block-spacer\"><\/div>\n\n\n\n<div class=\"wp-block-buttons is-content-justification-center is-layout-flex wp-container-core-buttons-is-layout-a89b3969 wp-block-buttons-is-layout-flex\">\n<div class=\"wp-block-button\"><a class=\"wp-block-button__link wp-element-button\">\u00c0 propos<\/a><\/div>\n<\/div>\n<\/div>\n\n\n\n<div style=\"height:var(--wp--preset--spacing--30)\" aria-hidden=\"true\" class=\"wp-block-spacer\"><\/div>\n\n\n\n<figure class=\"wp-block-image size-full\"><img loading=\"lazy\" decoding=\"async\" width=\"908\" height=\"598\" src=\"https:\/\/lasserre-osteopathie.fr\/wp-content\/uploads\/2026\/03\/image.png\" alt=\"\" class=\"wp-image-80\" srcset=\"https:\/\/lasserre-osteopathie.fr\/wp-content\/uploads\/2026\/03\/image.png 908w, https:\/\/lasserre-osteopathie.fr\/wp-content\/uploads\/2026\/03\/image-300x198.png 300w, https:\/\/lasserre-osteopathie.fr\/wp-content\/uploads\/2026\/03\/image-768x506.png 768w\" sizes=\"auto, (max-width: 908px) 100vw, 908px\" \/><\/figure>\n<\/div>\n\n\n\n<div class=\"wp-block-group alignfull has-base-2-background-color has-background has-global-padding is-layout-constrained wp-container-core-group-is-layout-669513ed wp-block-group-is-layout-constrained\" style=\"margin-top:0;margin-bottom:0;padding-top:var(--wp--preset--spacing--50);padding-right:var(--wp--preset--spacing--50);padding-bottom:var(--wp--preset--spacing--50);padding-left:var(--wp--preset--spacing--50)\">\n<div class=\"wp-block-group is-vertical is-content-justification-center is-layout-flex wp-container-core-group-is-layout-52b864f0 wp-block-group-is-layout-flex\">\n<h2 class=\"wp-block-heading has-text-align-center is-style-asterisk\"><em>\u201cAcouph\u00e8nes : comprendre, agir, apaiser durablement\u201d<\/em><\/h2>\n\n\n\n<div style=\"height:0px\" aria-hidden=\"true\" class=\"wp-block-spacer wp-container-content-4f2ccadb\"><\/div>\n\n\n\n<hr class=\"wp-block-separator has-alpha-channel-opacity\"\/>\n\n\n\n<p><\/p>\n\n\n\n<p>Les acouph\u00e8nes peuvent avoir des origines multiples et n\u00e9cessitent une approche fine et adapt\u00e9e. En tant qu\u2019ost\u00e9opathe, je propose une prise en charge sp\u00e9cifique de ces troubles, en m\u2019appuyant sur une expertise approfondie et actualis\u00e9e.<\/p>\n\n\n\n<p><\/p>\n\n\n\n<p>Sp\u00e9cialis\u00e9 dans ce domaine, je m\u2019appuie sur les donn\u00e9es issues des derni\u00e8res \u00e9tudes scientifiques, ainsi que sur mon exp\u00e9rience d\u2019enseignant en ost\u00e9opathie, notamment en biom\u00e9canique du rachis. Cette double approche me permet de mieux comprendre les liens entre les tensions cervicales, les dysfonctions de la m\u00e2choire, le syst\u00e8me nerveux et les manifestations auditives comme les acouph\u00e8nes.<\/p>\n\n\n\n<p><\/p>\n\n\n\n<p>Mon exp\u00e9rience de musicien constitue \u00e9galement un atout, me permettant d\u2019appr\u00e9hender avec pr\u00e9cision les probl\u00e9matiques li\u00e9es \u00e0 l\u2019audition et \u00e0 l\u2019environnement sonore.<\/p>\n\n\n\n<p><\/p>\n\n\n\n<p>Au-del\u00e0 du traitement ost\u00e9opathique, je propose des conseils personnalis\u00e9s, concrets et adapt\u00e9s \u00e0 votre situation, afin d\u2019agir sur les facteurs pouvant entretenir ou aggraver les acouph\u00e8nes.<\/p>\n\n\n\n<p>Chaque prise en charge est individualis\u00e9e, avec pour objectif d\u2019apporter un soulagement durable et d\u2019am\u00e9liorer votre qualit\u00e9 de vie.<\/p>\n\n\n\n<p><\/p>\n\n\n\n<hr class=\"wp-block-separator has-alpha-channel-opacity\"\/>\n\n\n\n<p class=\"has-text-align-center\"><\/p>\n<\/div>\n\n\n\n<div style=\"margin-top:0;margin-bottom:0;height:var(--wp--preset--spacing--40)\" aria-hidden=\"true\" class=\"wp-block-spacer\"><\/div>\n\n\n\n<div class=\"wp-block-columns alignwide is-layout-flex wp-container-core-columns-is-layout-d0bbbce0 wp-block-columns-is-layout-flex\">\n<div class=\"wp-block-column is-layout-flow wp-container-core-column-is-layout-e3d1c41b wp-block-column-is-layout-flow\">\n<h3 class=\"wp-block-heading has-text-align-left is-style-asterisk has-body-font-family has-medium-font-size\" style=\"font-style:normal;font-weight:600\"><em>\u201cAcouph\u00e8nes : comprendre, agir, apaiser durablement\u201d<\/em><\/h3>\n\n\n\n<p class=\"has-text-align-left\">D\u00e9couvrez la fusion de l\u2019imagination et de l\u2019expertise avec \u00c9tudes Architectural Solutions.<\/p>\n<\/div>\n\n\n\n<div class=\"wp-block-column is-layout-flow wp-container-core-column-is-layout-e3d1c41b wp-block-column-is-layout-flow\">\n<h3 class=\"wp-block-heading has-text-align-left is-style-asterisk has-body-font-family has-medium-font-size\" style=\"font-style:normal;font-weight:600\">Support continu<\/h3>\n\n\n\n<p class=\"has-text-align-left\">D\u00e9couvrez la fusion de l\u2019imagination et de l\u2019expertise avec \u00c9tudes Architectural Solutions.<\/p>\n<\/div>\n\n\n\n<div class=\"wp-block-column is-layout-flow wp-container-core-column-is-layout-e3d1c41b wp-block-column-is-layout-flow\">\n<h3 class=\"wp-block-heading has-text-align-left is-style-asterisk has-body-font-family has-medium-font-size\" style=\"font-style:normal;font-weight:600\">Acc\u00e8s \u00e0 l\u2018application<\/h3>\n\n\n\n<p class=\"has-text-align-left\">D\u00e9couvrez la fusion de l\u2019imagination et de l\u2019expertise avec \u00c9tudes Architectural Solutions.<\/p>\n<\/div>\n<\/div>\n\n\n\n<div style=\"height:var(--wp--preset--spacing--20)\" aria-hidden=\"true\" class=\"wp-block-spacer\"><\/div>\n\n\n\n<div class=\"wp-block-columns alignwide is-layout-flex wp-container-core-columns-is-layout-d0bbbce0 wp-block-columns-is-layout-flex\">\n<div class=\"wp-block-column is-layout-flow wp-container-core-column-is-layout-e3d1c41b wp-block-column-is-layout-flow\">\n<h3 class=\"wp-block-heading has-text-align-left is-style-asterisk has-body-font-family has-medium-font-size\" style=\"font-style:normal;font-weight:600\">Conseils<\/h3>\n\n\n\n<p class=\"has-text-align-left\">Ecoutez des vinyles sur ampli avec des enceintes qualit\u00e9<\/p>\n<\/div>\n\n\n\n<div class=\"wp-block-column is-layout-flow wp-container-core-column-is-layout-e3d1c41b wp-block-column-is-layout-flow\">\n<h3 class=\"wp-block-heading has-text-align-left is-style-asterisk has-body-font-family has-medium-font-size\" style=\"font-style:normal;font-weight:600\">Pauses<\/h3>\n\n\n\n<p class=\"has-text-align-left\">Lors de fortes expositions aux sons, faites ders pauses de 5 minutes.<\/p>\n<\/div>\n\n\n\n<div class=\"wp-block-column is-layout-flow wp-container-core-column-is-layout-e3d1c41b wp-block-column-is-layout-flow\">\n<h3 class=\"wp-block-heading has-text-align-left is-style-asterisk has-body-font-family has-medium-font-size\" style=\"font-style:normal;font-weight:600\">Architectural Solutions<\/h3>\n\n\n\n<p class=\"has-text-align-left\">Vivez l\u2019exp\u00e9rience de la fusion entre l\u2019imagination et l\u2019expertise avec \u00c9tudes Architectural Solutions.<\/p>\n<\/div>\n<\/div>\n<\/div>\n\n\n\n<div class=\"wp-block-group alignfull has-global-padding is-layout-constrained wp-container-core-group-is-layout-d89aad35 wp-block-group-is-layout-constrained\" style=\"margin-top:0;margin-bottom:0;padding-top:var(--wp--preset--spacing--50);padding-right:var(--wp--preset--spacing--50);padding-bottom:var(--wp--preset--spacing--50);padding-left:var(--wp--preset--spacing--50)\">\n<div class=\"wp-block-group alignwide has-global-padding is-layout-constrained wp-container-core-group-is-layout-19e250f3 wp-block-group-is-layout-constrained\">\n<div class=\"wp-block-group is-vertical is-content-justification-center is-layout-flex wp-container-core-group-is-layout-6329a8f3 wp-block-group-is-layout-flex\">\n<h2 class=\"wp-block-heading has-text-align-center is-style-asterisk\">Un tableau de ressources<\/h2>\n\n\n\n<p class=\"has-text-align-center\">Notre suite compl\u00e8te de services professionnels s\u2019adresse \u00e0 une client\u00e8le diversifi\u00e9e, allant des propri\u00e9taires au d\u00e9veloppeurs commerciaux.<\/p>\n<\/div>\n\n\n\n<div style=\"height:var(--wp--preset--spacing--40)\" aria-hidden=\"true\" class=\"wp-block-spacer\"><\/div>\n\n\n\n<div class=\"wp-block-columns alignwide is-layout-flex wp-container-core-columns-is-layout-d1c656ed wp-block-columns-is-layout-flex\">\n<div class=\"wp-block-column is-vertically-aligned-center is-layout-flow wp-block-column-is-layout-flow\" style=\"flex-basis:40%\">\n<h3 class=\"wp-block-heading is-style-asterisk\">Application \u00c9tudes Architect<\/h3>\n\n\n\n<ul style=\"line-height:1.75\" class=\"wp-block-list is-style-checkmark-list\">\n<li>Collaborez avec d\u2019autres architectes.<\/li>\n\n\n\n<li>Pr\u00e9sentez vos projets.<\/li>\n\n\n\n<li>D\u00e9couvrez le monde de l\u2019architecture.<\/li>\n<\/ul>\n<\/div>\n\n\n\n<div class=\"wp-block-column is-layout-flow wp-block-column-is-layout-flow\" style=\"flex-basis:50%\">\n<figure class=\"wp-block-image size-full is-style-rounded is-style-rounded--1\"><img loading=\"lazy\" decoding=\"async\" width=\"1024\" height=\"1024\" src=\"https:\/\/lasserre-osteopathie.fr\/wp-content\/uploads\/2026\/04\/49E2315D-77FC-4DA5-84E3-6156F730001D.png\" alt=\"\" class=\"wp-image-97\" srcset=\"https:\/\/lasserre-osteopathie.fr\/wp-content\/uploads\/2026\/04\/49E2315D-77FC-4DA5-84E3-6156F730001D.png 1024w, https:\/\/lasserre-osteopathie.fr\/wp-content\/uploads\/2026\/04\/49E2315D-77FC-4DA5-84E3-6156F730001D-300x300.png 300w, https:\/\/lasserre-osteopathie.fr\/wp-content\/uploads\/2026\/04\/49E2315D-77FC-4DA5-84E3-6156F730001D-150x150.png 150w, https:\/\/lasserre-osteopathie.fr\/wp-content\/uploads\/2026\/04\/49E2315D-77FC-4DA5-84E3-6156F730001D-768x768.png 768w\" sizes=\"auto, (max-width: 1024px) 100vw, 1024px\" \/><\/figure>\n<\/div>\n<\/div>\n\n\n\n<div style=\"height:var(--wp--preset--spacing--40)\" aria-hidden=\"true\" class=\"wp-block-spacer\"><\/div>\n\n\n\n<div class=\"wp-block-columns alignwide is-layout-flex wp-container-core-columns-is-layout-d1c656ed wp-block-columns-is-layout-flex\">\n<div class=\"wp-block-column is-layout-flow wp-block-column-is-layout-flow\" style=\"flex-basis:50%\">\n<figure class=\"wp-block-image size-large is-style-rounded is-style-rounded--2\"><img decoding=\"async\" src=\"https:\/\/lasserre-osteopathie.fr\/wp-content\/themes\/twentytwentyfour\/assets\/images\/windows.webp\" alt=\"Les fen\u00eatres d\u2019un b\u00e2timent \u00e0 Nuremberg, Allemagne.\"\/><\/figure>\n<\/div>\n\n\n\n<div class=\"wp-block-column is-vertically-aligned-center is-layout-flow wp-block-column-is-layout-flow\" style=\"flex-basis:40%\">\n<h3 class=\"wp-block-heading is-style-asterisk\">Newsletter \u00c9tudes<\/h3>\n\n\n\n<ul style=\"line-height:1.75\" class=\"wp-block-list is-style-checkmark-list\">\n<li>Un monde d\u2019articles stimulants.<\/li>\n\n\n\n<li>\u00c9tudes de cas qui c\u00e9l\u00e8brent l\u2019architecture.<\/li>\n\n\n\n<li>Acc\u00e8s exclusif aux connaissances en design.<\/li>\n<\/ul>\n<\/div>\n<\/div>\n<\/div>\n<\/div>\n\n\n\n<div class=\"wp-block-group alignfull has-base-color has-contrast-background-color has-text-color has-background has-global-padding is-layout-constrained wp-container-core-group-is-layout-ef3d885c wp-block-group-is-layout-constrained\" style=\"margin-top:0;margin-bottom:0;padding-top:var(--wp--preset--spacing--60);padding-right:var(--wp--preset--spacing--60);padding-bottom:var(--wp--preset--spacing--60);padding-left:var(--wp--preset--spacing--60)\">\n<div class=\"wp-block-group has-global-padding is-layout-constrained wp-block-group-is-layout-constrained\">\n<p class=\"has-text-align-center has-base-color has-text-color has-heading-font-family has-x-large-font-size\" style=\"line-height:1.2\">\n\t\t\t<em>\u00ab&nbsp;\u00c9tudes nous a fait gagner des milliers d\u2019heures de travail et a r\u00e9v\u00e9l\u00e9 des perspectives auxquelles nous n\u2019aurions jamais pens\u00e9 possible.&nbsp;\u00bb<\/em>\n\t\t<\/p>\n\n\n\n<div style=\"height:var(--wp--preset--spacing--10)\" aria-hidden=\"true\" class=\"wp-block-spacer\"><\/div>\n\n\n\n<div class=\"wp-block-group is-vertical is-content-justification-center is-nowrap is-layout-flex wp-container-core-group-is-layout-2dc08cea wp-block-group-is-layout-flex\">\n\n\n<p class=\"has-text-align-center\" style=\"margin-top:var(--wp--preset--spacing--10);margin-bottom:0\">Annie Steiner<\/p>\n\n\n\n<p class=\"has-text-align-center has-contrast-3-color has-text-color has-small-font-size\" style=\"font-style:normal;font-weight:300\">PDG, Greenprint<\/p>\n<\/div>\n<\/div>\n<\/div>\n\n\n\n<div class=\"wp-block-group alignfull has-global-padding is-layout-constrained wp-container-core-group-is-layout-d89aad35 wp-block-group-is-layout-constrained\" style=\"margin-top:0;margin-bottom:0;padding-top:var(--wp--preset--spacing--50);padding-right:var(--wp--preset--spacing--50);padding-bottom:var(--wp--preset--spacing--50);padding-left:var(--wp--preset--spacing--50)\">\n<h2 class=\"wp-block-heading alignwide has-x-large-font-size\" style=\"margin-top:0;margin-bottom:var(--wp--preset--spacing--40);line-height:1\">Regardez, lisez, \u00e9coutez<\/h2>\n\n\n\n<div class=\"wp-block-group alignwide has-global-padding is-layout-constrained wp-block-group-is-layout-constrained\">\n<div class=\"wp-block-query alignwide is-layout-flow wp-block-query-is-layout-flow\">\n\n\n<div style=\"height:var(--wp--preset--spacing--30)\" aria-hidden=\"true\" class=\"wp-block-spacer\"><\/div>\n\n\n\n\n<div class=\"wp-block-query-no-results\">\n\n<p>Aucune publication n\u2019a \u00e9t\u00e9 trouv\u00e9e.<\/p>\n\n<\/div><\/div>\n<\/div>\n<\/div>\n\n\n\n<div class=\"wp-block-group alignfull has-global-padding is-layout-constrained wp-container-core-group-is-layout-d89aad35 wp-block-group-is-layout-constrained\" style=\"margin-top:0;margin-bottom:0;padding-top:var(--wp--preset--spacing--50);padding-right:var(--wp--preset--spacing--50);padding-bottom:var(--wp--preset--spacing--50);padding-left:var(--wp--preset--spacing--50)\">\n<div class=\"wp-block-group alignwide has-base-2-background-color has-background has-global-padding is-layout-constrained wp-container-core-group-is-layout-39412042 wp-block-group-is-layout-constrained\" style=\"border-radius:16px;padding-top:var(--wp--preset--spacing--40);padding-right:var(--wp--preset--spacing--50);padding-bottom:var(--wp--preset--spacing--40);padding-left:var(--wp--preset--spacing--50)\">\n<div style=\"height:var(--wp--preset--spacing--10)\" aria-hidden=\"true\" class=\"wp-block-spacer\"><\/div>\n\n\n\n<h2 class=\"wp-block-heading has-text-align-center has-x-large-font-size\">Rejoignez plus de 900 abonn\u00e9s\/abonn\u00e9es<\/h2>\n\n\n\n<p class=\"has-text-align-center\">Restez au courant de tout ce que vous devez savoir.<\/p>\n\n\n\n<div class=\"wp-block-buttons is-content-justification-center is-layout-flex wp-container-core-buttons-is-layout-a89b3969 wp-block-buttons-is-layout-flex\">\n<div class=\"wp-block-button\"><a class=\"wp-block-button__link wp-element-button\">S\u2019inscrire<\/a><\/div>\n<\/div>\n\n\n\n<div style=\"height:var(--wp--preset--spacing--10)\" aria-hidden=\"true\" class=\"wp-block-spacer\"><\/div>\n<\/div>\n<\/div>\n","protected":false},"excerpt":{"rendered":"<p>Je suis ost\u00e9opathe sp\u00e9cialis\u00e9 dans les acouph\u00e8nes Acouph\u00e8ne : une prise en charge ost\u00e9opathique sp\u00e9cialis\u00e9e. \u201cAcouph\u00e8nes : comprendre, agir, apaiser durablement\u201d Les acouph\u00e8nes peuvent avoir des origines multiples et n\u00e9cessitent une approche fine et adapt\u00e9e. En tant qu\u2019ost\u00e9opathe, je propose une prise en charge sp\u00e9cifique de ces troubles, en m\u2019appuyant sur une expertise approfondie et [&hellip;]<\/p>\n","protected":false},"author":1,"featured_media":0,"parent":0,"menu_order":0,"comment_status":"closed","ping_status":"closed","template":"","meta":{"footnotes":""},"class_list":["post-79","page","type-page","status-publish","hentry"],"_links":{"self":[{"href":"https:\/\/lasserre-osteopathie.fr\/index.php\/wp-json\/wp\/v2\/pages\/79","targetHints":{"allow":["GET"]}}],"collection":[{"href":"https:\/\/lasserre-osteopathie.fr\/index.php\/wp-json\/wp\/v2\/pages"}],"about":[{"href":"https:\/\/lasserre-osteopathie.fr\/index.php\/wp-json\/wp\/v2\/types\/page"}],"author":[{"embeddable":true,"href":"https:\/\/lasserre-osteopathie.fr\/index.php\/wp-json\/wp\/v2\/users\/1"}],"replies":[{"embeddable":true,"href":"https:\/\/lasserre-osteopathie.fr\/index.php\/wp-json\/wp\/v2\/comments?post=79"}],"version-history":[{"count":3,"href":"https:\/\/lasserre-osteopathie.fr\/index.php\/wp-json\/wp\/v2\/pages\/79\/revisions"}],"predecessor-version":[{"id":98,"href":"https:\/\/lasserre-osteopathie.fr\/index.php\/wp-json\/wp\/v2\/pages\/79\/revisions\/98"}],"wp:attachment":[{"href":"https:\/\/lasserre-osteopathie.fr\/index.php\/wp-json\/wp\/v2\/media?parent=79"}],"curies":[{"name":"wp","href":"https:\/\/api.w.org\/{rel}","templated":true}]}}